{"id":102,"date":"2019-04-25T11:59:00","date_gmt":"2019-04-25T11:59:00","guid":{"rendered":"http:\/\/krzysiek.michalstefaniak.com\/?page_id=102"},"modified":"2019-05-06T16:27:32","modified_gmt":"2019-05-06T16:27:32","slug":"start","status":"publish","type":"page","link":"https:\/\/krzysztofbartosiak.pl\/","title":{"rendered":"O mnie&#8230;"},"content":{"rendered":"\t\t<div data-elementor-type=\"wp-post\" data-elementor-id=\"102\" class=\"elementor elementor-102\">\n\t\t\t\t\t\t<section class=\"elementor-section elementor-top-section elementor-element elementor-element-21640ea elementor-section-boxed elementor-section-height-default elementor-section-height-default\" data-id=\"21640ea\" data-element_type=\"section\">\n\t\t\t\t\t\t<div class=\"elementor-container elementor-column-gap-default\">\n\t\t\t\t\t<div class=\"elementor-column elementor-col-100 elementor-top-column elementor-element elementor-element-d8575ba\" data-id=\"d8575ba\" data-element_type=\"column\">\n\t\t\t<div class=\"elementor-widget-wrap elementor-element-populated\">\n\t\t\t\t\t\t<div class=\"elementor-element elementor-element-63c125d elementor-widget elementor-widget-text-editor\" data-id=\"63c125d\" data-element_type=\"widget\" data-widget_type=\"text-editor.default\">\n\t\t\t\t<div class=\"elementor-widget-container\">\n\t\t\t\t\t\t\t\t\t<p>Mieszkam w Poznaniu ponad 40 lat. Kocham to miasto i jego mieszka\u0144c\u00f3w. Mam to szcz\u0119\u015bcie, a mo\u017ce i nawet przywilej by\u0107 nie tylko obserwatorem, ale tak\u017ce bra\u0107 czynny udzia\u0142 w kreowaniu miejskiej rzeczywisto\u015bci.Tutaj ko\u0144czy\u0142em edukacj\u0119, podj\u0105\u0142em prac\u0119 zawodow\u0105, za\u0142o\u017cy\u0142em rodzin\u0119 i tutaj&#8230;odkry\u0142em w sobie dusz\u0119 spo\u0142ecznika.<\/p>\t\t\t\t\t\t\t\t<\/div>\n\t\t\t\t<\/div>\n\t\t\t\t\t<\/div>\n\t\t<\/div>\n\t\t\t\t\t<\/div>\n\t\t<\/section>\n\t\t\t\t<\/div>\n\t\t","protected":false},"excerpt":{"rendered":"<p>Mieszkam w Poznaniu ponad 40 lat. Kocham to miasto i jego mieszka\u0144c\u00f3w. Mam to szcz\u0119\u015bcie, a mo\u017ce i nawet przywilej by\u0107 nie tylko obserwatorem, ale tak\u017ce bra\u0107 czynny udzia\u0142 w kreowaniu miejskiej rzeczywisto\u015bci.Tutaj ko\u0144czy\u0142em edukacj\u0119, podj\u0105\u0142em prac\u0119 zawodow\u0105, za\u0142o\u017cy\u0142em rodzin\u0119 i tutaj&#8230;odkry\u0142em w sobie dusz\u0119 spo\u0142ecznika.<\/p>\n","protected":false},"author":1,"featured_media":0,"parent":0,"menu_order":0,"comment_status":"closed","ping_status":"closed","template":"","meta":{"footnotes":""},"class_list":["post-102","page","type-page","status-publish","hentry"],"_links":{"self":[{"href":"https:\/\/krzysztofbartosiak.pl\/index.php?rest_route=\/wp\/v2\/pages\/102","targetHints":{"allow":["GET"]}}],"collection":[{"href":"https:\/\/krzysztofbartosiak.pl\/index.php?rest_route=\/wp\/v2\/pages"}],"about":[{"href":"https:\/\/krzysztofbartosiak.pl\/index.php?rest_route=\/wp\/v2\/types\/page"}],"author":[{"embeddable":true,"href":"https:\/\/krzysztofbartosiak.pl\/index.php?rest_route=\/wp\/v2\/users\/1"}],"replies":[{"embeddable":true,"href":"https:\/\/krzysztofbartosiak.pl\/index.php?rest_route=%2Fwp%2Fv2%2Fcomments&post=102"}],"version-history":[{"count":32,"href":"https:\/\/krzysztofbartosiak.pl\/index.php?rest_route=\/wp\/v2\/pages\/102\/revisions"}],"predecessor-version":[{"id":285,"href":"https:\/\/krzysztofbartosiak.pl\/index.php?rest_route=\/wp\/v2\/pages\/102\/revisions\/285"}],"wp:attachment":[{"href":"https:\/\/krzysztofbartosiak.pl\/index.php?rest_route=%2Fwp%2Fv2%2Fmedia&parent=102"}],"curies":[{"name":"wp","href":"https:\/\/api.w.org\/{rel}","templated":true}]}}